{"id":15,"date":"2022-05-30T11:58:18","date_gmt":"2022-05-30T11:58:18","guid":{"rendered":"https:\/\/team18.fr\/ro\/?page_id=15"},"modified":"2022-09-03T08:01:14","modified_gmt":"2022-09-03T08:01:14","slug":"nous-rejoindre","status":"publish","type":"page","link":"https:\/\/team18.fr\/ro\/nous-rejoindre\/","title":{"rendered":"Al\u0103tura\u0163i-ne"},"content":{"rendered":"<h3>Al\u0103tura\u021bi-v\u0103 nou\u0103 \u0219i deveni\u021bi un actor \u00een c\u0103l\u0103toria dvs.<\/h3>\n<p>Echipa 18 a continuat s\u0103 se dezvolte \u00eenc\u0103 de la crearea sa. Cu peste 70 de angaja\u021bi, \u00een\u021belegem impactul unei bune recrut\u0103ri asupra cre\u0219terii afacerii noastre. C\u0103ut\u0103m continuu profiluri proactive cu dorin\u021b\u0103 de a \u00eenv\u0103\u021ba, de a dezvolta \u0219i de a inova.<\/p>\n<p>Vrei s\u0103 c\u0103l\u0103tore\u0219ti? \u00cen special, am putut lucra \u00een Guadelupa la un proiect major al\u0103turi de parteneri excep\u021bionali.<\/p>\n<p>Compania acord\u0103 cea mai mare importan\u021b\u0103 angaja\u021bilor s\u0103i \u0219i mediului lor de lucru, pe care \u00eel adapt\u0103m \u00een mod constant pentru a r\u0103spunde mai bine schimb\u0103rilor culturale, societale \u0219i genera\u021bionale.<\/p>\n<p>Viziteaz\u0103 ofertele noastre pentru a descoperi urm\u0103toarea ta oportunitate.<\/p>\n","protected":false},"excerpt":{"rendered":"<p>Al\u0103tura\u021bi-v\u0103 nou\u0103 \u0219i deveni\u021bi un actor \u00een c\u0103l\u0103toria dvs. Echipa 18 a continuat s\u0103 se dezvolte \u00eenc\u0103 de la crearea sa. Cu peste 70 de angaja\u021bi, \u00een\u021belegem impactul unei bune recrut\u0103ri asupra cre\u0219terii afacerii noastre. C\u0103ut\u0103m continuu profiluri proactive cu dorin\u021b\u0103 de a \u00eenv\u0103\u021ba, de a dezvolta \u0219i de a inova. Vrei s\u0103 c\u0103l\u0103tore\u0219ti? \u00cen [&hellip;]<\/p>\n","protected":false},"author":1,"featured_media":232,"parent":0,"menu_order":0,"comment_status":"closed","ping_status":"closed","template":"page-nous-rejoindre.php","meta":{"inline_featured_image":false,"footnotes":""},"class_list":["post-15","page","type-page","status-publish","has-post-thumbnail","hentry"],"yoast_head":"<!-- This site is optimized with the Yoast SEO plugin v20.1 - https:\/\/yoast.com\/wordpress\/plugins\/seo\/ -->\n<title>Al\u0103tura\u0163i-ne - Team 18<\/title>\n<meta name=\"description\" content=\"Nous rejoindre - Team 18 est une entreprise sp\u00e9cialis\u00e9e en \u00e9lectricit\u00e9 fond\u00e9e en 2018 en \u00cele-de-France. Nous intervenons sur toute la France.\" \/>\n<meta name=\"robots\" content=\"index, follow, max-snippet:-1, max-image-preview:large, max-video-preview:-1\" \/>\n<link rel=\"canonical\" href=\"https:\/\/team18.fr\/ro\/nous-rejoindre\/\" \/>\n<meta property=\"og:locale\" content=\"en_US\" \/>\n<meta property=\"og:type\" content=\"article\" \/>\n<meta property=\"og:title\" content=\"Al\u0103tura\u0163i-ne - Team 18\" \/>\n<meta property=\"og:description\" content=\"Nous rejoindre - Team 18 est une entreprise sp\u00e9cialis\u00e9e en \u00e9lectricit\u00e9 fond\u00e9e en 2018 en \u00cele-de-France. Nous intervenons sur toute la France.\" \/>\n<meta property=\"og:url\" content=\"https:\/\/team18.fr\/ro\/nous-rejoindre\/\" \/>\n<meta property=\"og:site_name\" content=\"Team 18\" \/>\n<meta property=\"article:modified_time\" content=\"2022-09-03T08:01:14+00:00\" \/>\n<meta property=\"og:image\" content=\"https:\/\/team18.fr\/ro\/wp-content\/uploads\/2022\/07\/Nous-rejoindre.jpg\" \/>\n\t<meta property=\"og:image:width\" content=\"1905\" \/>\n\t<meta property=\"og:image:height\" content=\"595\" \/>\n\t<meta property=\"og:image:type\" content=\"image\/jpeg\" \/>\n<meta name=\"twitter:card\" content=\"summary_large_image\" \/>\n<meta name=\"twitter:label1\" content=\"Est. reading time\" \/>\n\t<meta name=\"twitter:data1\" content=\"1 minute\" \/>\n<script type=\"application\/ld+json\" class=\"yoast-schema-graph\">{\"@context\":\"https:\/\/schema.org\",\"@graph\":[{\"@type\":\"WebPage\",\"@id\":\"https:\/\/team18.fr\/ro\/nous-rejoindre\/\",\"url\":\"https:\/\/team18.fr\/ro\/nous-rejoindre\/\",\"name\":\"Al\u0103tura\u0163i-ne - Team 18\",\"isPartOf\":{\"@id\":\"https:\/\/team18.fr\/ro\/#website\"},\"datePublished\":\"2022-05-30T11:58:18+00:00\",\"dateModified\":\"2022-09-03T08:01:14+00:00\",\"description\":\"Nous rejoindre - Team 18 est une entreprise sp\u00e9cialis\u00e9e en \u00e9lectricit\u00e9 fond\u00e9e en 2018 en \u00cele-de-France. Nous intervenons sur toute la France.\",\"inLanguage\":\"en-US\",\"potentialAction\":[{\"@type\":\"ReadAction\",\"target\":[\"https:\/\/team18.fr\/ro\/nous-rejoindre\/\"]}]},{\"@type\":\"WebSite\",\"@id\":\"https:\/\/team18.fr\/ro\/#website\",\"url\":\"https:\/\/team18.fr\/ro\/\",\"name\":\"Team 18\",\"description\":\"\",\"potentialAction\":[{\"@type\":\"SearchAction\",\"target\":{\"@type\":\"EntryPoint\",\"urlTemplate\":\"https:\/\/team18.fr\/ro\/?s={search_term_string}\"},\"query-input\":\"required name=search_term_string\"}],\"inLanguage\":\"en-US\"}]}<\/script>\n<!-- \/ Yoast SEO plugin. -->","yoast_head_json":{"title":"Al\u0103tura\u0163i-ne - Team 18","description":"Nous rejoindre - Team 18 est une entreprise sp\u00e9cialis\u00e9e en \u00e9lectricit\u00e9 fond\u00e9e en 2018 en \u00cele-de-France. Nous intervenons sur toute la France.","robots":{"index":"index","follow":"follow","max-snippet":"max-snippet:-1","max-image-preview":"max-image-preview:large","max-video-preview":"max-video-preview:-1"},"canonical":"https:\/\/team18.fr\/ro\/nous-rejoindre\/","og_locale":"en_US","og_type":"article","og_title":"Al\u0103tura\u0163i-ne - Team 18","og_description":"Nous rejoindre - Team 18 est une entreprise sp\u00e9cialis\u00e9e en \u00e9lectricit\u00e9 fond\u00e9e en 2018 en \u00cele-de-France. Nous intervenons sur toute la France.","og_url":"https:\/\/team18.fr\/ro\/nous-rejoindre\/","og_site_name":"Team 18","article_modified_time":"2022-09-03T08:01:14+00:00","og_image":[{"width":1905,"height":595,"url":"https:\/\/team18.fr\/ro\/wp-content\/uploads\/2022\/07\/Nous-rejoindre.jpg","type":"image\/jpeg"}],"twitter_card":"summary_large_image","twitter_misc":{"Est. reading time":"1 minute"},"schema":{"@context":"https:\/\/schema.org","@graph":[{"@type":"WebPage","@id":"https:\/\/team18.fr\/ro\/nous-rejoindre\/","url":"https:\/\/team18.fr\/ro\/nous-rejoindre\/","name":"Al\u0103tura\u0163i-ne - Team 18","isPartOf":{"@id":"https:\/\/team18.fr\/ro\/#website"},"datePublished":"2022-05-30T11:58:18+00:00","dateModified":"2022-09-03T08:01:14+00:00","description":"Nous rejoindre - Team 18 est une entreprise sp\u00e9cialis\u00e9e en \u00e9lectricit\u00e9 fond\u00e9e en 2018 en \u00cele-de-France. Nous intervenons sur toute la France.","inLanguage":"en-US","potentialAction":[{"@type":"ReadAction","target":["https:\/\/team18.fr\/ro\/nous-rejoindre\/"]}]},{"@type":"WebSite","@id":"https:\/\/team18.fr\/ro\/#website","url":"https:\/\/team18.fr\/ro\/","name":"Team 18","description":"","potentialAction":[{"@type":"SearchAction","target":{"@type":"EntryPoint","urlTemplate":"https:\/\/team18.fr\/ro\/?s={search_term_string}"},"query-input":"required name=search_term_string"}],"inLanguage":"en-US"}]}},"_links":{"self":[{"href":"https:\/\/team18.fr\/ro\/wp-json\/wp\/v2\/pages\/15","targetHints":{"allow":["GET"]}}],"collection":[{"href":"https:\/\/team18.fr\/ro\/wp-json\/wp\/v2\/pages"}],"about":[{"href":"https:\/\/team18.fr\/ro\/wp-json\/wp\/v2\/types\/page"}],"author":[{"embeddable":true,"href":"https:\/\/team18.fr\/ro\/wp-json\/wp\/v2\/users\/1"}],"replies":[{"embeddable":true,"href":"https:\/\/team18.fr\/ro\/wp-json\/wp\/v2\/comments?post=15"}],"version-history":[{"count":9,"href":"https:\/\/team18.fr\/ro\/wp-json\/wp\/v2\/pages\/15\/revisions"}],"predecessor-version":[{"id":292,"href":"https:\/\/team18.fr\/ro\/wp-json\/wp\/v2\/pages\/15\/revisions\/292"}],"wp:featuredmedia":[{"embeddable":true,"href":"https:\/\/team18.fr\/ro\/wp-json\/wp\/v2\/media\/232"}],"wp:attachment":[{"href":"https:\/\/team18.fr\/ro\/wp-json\/wp\/v2\/media?parent=15"}],"curies":[{"name":"wp","href":"https:\/\/api.w.org\/{rel}","templated":true}]}}