{"id":17,"date":"2022-05-30T11:58:27","date_gmt":"2022-05-30T11:58:27","guid":{"rendered":"https:\/\/team18.fr\/ro\/?page_id=17"},"modified":"2022-09-02T09:43:03","modified_gmt":"2022-09-02T09:43:03","slug":"contactez-nous","status":"publish","type":"page","link":"https:\/\/team18.fr\/ro\/contactez-nous\/","title":{"rendered":"contacta\u0163i-ne"},"content":{"rendered":"","protected":false},"excerpt":{"rendered":"","protected":false},"author":1,"featured_media":230,"parent":0,"menu_order":0,"comment_status":"closed","ping_status":"closed","template":"page-contactez-nous.php","meta":{"inline_featured_image":false,"footnotes":""},"class_list":["post-17","page","type-page","status-publish","has-post-thumbnail","hentry"],"yoast_head":"<!-- This site is optimized with the Yoast SEO plugin v20.1 - https:\/\/yoast.com\/wordpress\/plugins\/seo\/ -->\n<title>contacta\u0163i-ne - Team 18<\/title>\n<meta name=\"description\" content=\"Contactez-nous. Team 18 est une entreprise sp\u00e9cialis\u00e9e en \u00e9lectricit\u00e9 fond\u00e9e en 2018 en \u00cele-de-France. Nous intervenons sur toute la France.\" \/>\n<meta name=\"robots\" content=\"index, follow, max-snippet:-1, max-image-preview:large, max-video-preview:-1\" \/>\n<link rel=\"canonical\" href=\"https:\/\/team18.fr\/ro\/contactez-nous\/\" \/>\n<meta property=\"og:locale\" content=\"en_US\" \/>\n<meta property=\"og:type\" content=\"article\" \/>\n<meta property=\"og:title\" content=\"contacta\u0163i-ne - Team 18\" \/>\n<meta property=\"og:description\" content=\"Contactez-nous. Team 18 est une entreprise sp\u00e9cialis\u00e9e en \u00e9lectricit\u00e9 fond\u00e9e en 2018 en \u00cele-de-France. Nous intervenons sur toute la France.\" \/>\n<meta property=\"og:url\" content=\"https:\/\/team18.fr\/ro\/contactez-nous\/\" \/>\n<meta property=\"og:site_name\" content=\"Team 18\" \/>\n<meta property=\"article:modified_time\" content=\"2022-09-02T09:43:03+00:00\" \/>\n<meta property=\"og:image\" content=\"https:\/\/team18.fr\/ro\/wp-content\/uploads\/2022\/07\/Contactez.jpg\" \/>\n\t<meta property=\"og:image:width\" content=\"1905\" \/>\n\t<meta property=\"og:image:height\" content=\"595\" \/>\n\t<meta property=\"og:image:type\" content=\"image\/jpeg\" \/>\n<meta name=\"twitter:card\" content=\"summary_large_image\" \/>\n<script type=\"application\/ld+json\" class=\"yoast-schema-graph\">{\"@context\":\"https:\/\/schema.org\",\"@graph\":[{\"@type\":\"WebPage\",\"@id\":\"https:\/\/team18.fr\/ro\/contactez-nous\/\",\"url\":\"https:\/\/team18.fr\/ro\/contactez-nous\/\",\"name\":\"contacta\u0163i-ne - Team 18\",\"isPartOf\":{\"@id\":\"https:\/\/team18.fr\/ro\/#website\"},\"datePublished\":\"2022-05-30T11:58:27+00:00\",\"dateModified\":\"2022-09-02T09:43:03+00:00\",\"description\":\"Contactez-nous. Team 18 est une entreprise sp\u00e9cialis\u00e9e en \u00e9lectricit\u00e9 fond\u00e9e en 2018 en \u00cele-de-France. Nous intervenons sur toute la France.\",\"inLanguage\":\"en-US\",\"potentialAction\":[{\"@type\":\"ReadAction\",\"target\":[\"https:\/\/team18.fr\/ro\/contactez-nous\/\"]}]},{\"@type\":\"WebSite\",\"@id\":\"https:\/\/team18.fr\/ro\/#website\",\"url\":\"https:\/\/team18.fr\/ro\/\",\"name\":\"Team 18\",\"description\":\"\",\"potentialAction\":[{\"@type\":\"SearchAction\",\"target\":{\"@type\":\"EntryPoint\",\"urlTemplate\":\"https:\/\/team18.fr\/ro\/?s={search_term_string}\"},\"query-input\":\"required name=search_term_string\"}],\"inLanguage\":\"en-US\"}]}<\/script>\n<!-- \/ Yoast SEO plugin. -->","yoast_head_json":{"title":"contacta\u0163i-ne - Team 18","description":"Contactez-nous. Team 18 est une entreprise sp\u00e9cialis\u00e9e en \u00e9lectricit\u00e9 fond\u00e9e en 2018 en \u00cele-de-France. Nous intervenons sur toute la France.","robots":{"index":"index","follow":"follow","max-snippet":"max-snippet:-1","max-image-preview":"max-image-preview:large","max-video-preview":"max-video-preview:-1"},"canonical":"https:\/\/team18.fr\/ro\/contactez-nous\/","og_locale":"en_US","og_type":"article","og_title":"contacta\u0163i-ne - Team 18","og_description":"Contactez-nous. Team 18 est une entreprise sp\u00e9cialis\u00e9e en \u00e9lectricit\u00e9 fond\u00e9e en 2018 en \u00cele-de-France. Nous intervenons sur toute la France.","og_url":"https:\/\/team18.fr\/ro\/contactez-nous\/","og_site_name":"Team 18","article_modified_time":"2022-09-02T09:43:03+00:00","og_image":[{"width":1905,"height":595,"url":"https:\/\/team18.fr\/ro\/wp-content\/uploads\/2022\/07\/Contactez.jpg","type":"image\/jpeg"}],"twitter_card":"summary_large_image","schema":{"@context":"https:\/\/schema.org","@graph":[{"@type":"WebPage","@id":"https:\/\/team18.fr\/ro\/contactez-nous\/","url":"https:\/\/team18.fr\/ro\/contactez-nous\/","name":"contacta\u0163i-ne - Team 18","isPartOf":{"@id":"https:\/\/team18.fr\/ro\/#website"},"datePublished":"2022-05-30T11:58:27+00:00","dateModified":"2022-09-02T09:43:03+00:00","description":"Contactez-nous. Team 18 est une entreprise sp\u00e9cialis\u00e9e en \u00e9lectricit\u00e9 fond\u00e9e en 2018 en \u00cele-de-France. Nous intervenons sur toute la France.","inLanguage":"en-US","potentialAction":[{"@type":"ReadAction","target":["https:\/\/team18.fr\/ro\/contactez-nous\/"]}]},{"@type":"WebSite","@id":"https:\/\/team18.fr\/ro\/#website","url":"https:\/\/team18.fr\/ro\/","name":"Team 18","description":"","potentialAction":[{"@type":"SearchAction","target":{"@type":"EntryPoint","urlTemplate":"https:\/\/team18.fr\/ro\/?s={search_term_string}"},"query-input":"required name=search_term_string"}],"inLanguage":"en-US"}]}},"_links":{"self":[{"href":"https:\/\/team18.fr\/ro\/wp-json\/wp\/v2\/pages\/17","targetHints":{"allow":["GET"]}}],"collection":[{"href":"https:\/\/team18.fr\/ro\/wp-json\/wp\/v2\/pages"}],"about":[{"href":"https:\/\/team18.fr\/ro\/wp-json\/wp\/v2\/types\/page"}],"author":[{"embeddable":true,"href":"https:\/\/team18.fr\/ro\/wp-json\/wp\/v2\/users\/1"}],"replies":[{"embeddable":true,"href":"https:\/\/team18.fr\/ro\/wp-json\/wp\/v2\/comments?post=17"}],"version-history":[{"count":2,"href":"https:\/\/team18.fr\/ro\/wp-json\/wp\/v2\/pages\/17\/revisions"}],"predecessor-version":[{"id":284,"href":"https:\/\/team18.fr\/ro\/wp-json\/wp\/v2\/pages\/17\/revisions\/284"}],"wp:featuredmedia":[{"embeddable":true,"href":"https:\/\/team18.fr\/ro\/wp-json\/wp\/v2\/media\/230"}],"wp:attachment":[{"href":"https:\/\/team18.fr\/ro\/wp-json\/wp\/v2\/media?parent=17"}],"curies":[{"name":"wp","href":"https:\/\/api.w.org\/{rel}","templated":true}]}}