{"id":28,"date":"2022-05-31T06:55:42","date_gmt":"2022-05-31T06:55:42","guid":{"rendered":"https:\/\/team18.fr\/ro\/?page_id=28"},"modified":"2022-08-29T09:07:18","modified_gmt":"2022-08-29T09:07:18","slug":"mentions-legales","status":"publish","type":"page","link":"https:\/\/team18.fr\/ro\/mentions-legales\/","title":{"rendered":"Mentions l\u00e9gales"},"content":{"rendered":"<h3><strong>\u00c9DITION DU SITE INTERNET<\/strong><\/h3>\n<p>Le site <a href=\"http:\/\/www.teameighteen.fr\">www.teameighteen.fr<\/a> ci-apr\u00e8s \u00ab le Site \u00bb \u00e9dit\u00e9 par la soci\u00e9t\u00e9 TEAM18 , immatricul\u00e9e sous le siren 842978728.<\/p>\n<h3><strong>R\u00c9DACTION DU SITE INTERNET<\/strong><\/h3>\n<p>Directeur de la publication : Monsieur Romain De Sousa<\/p>\n<p>Nom du responsable de la r\u00e9daction du Site : Monsieur Romain De Sousa<\/p>\n<h3><strong>INFOG\u00c9RANCE \/ H\u00c9BERGEMENT DU SITE INTERNET\u00a0:<\/strong><\/h3>\n<p>STRATTEOS (Weblines SAS)<br \/>\nAdresse si\u00e8ge social : 10 Place Vend\u00f4me, 75001 Paris<br \/>\nN\u00b0 de t\u00e9l\u00e9phone et\/ou adresse email :\u00a0<a href=\"mailto:contact@stratteos.fr\">contact@stratteos.fr<\/a><\/p>\n<p>Optez pour la cr\u00e9ation de site internet sur-mesure \u00e0 Paris avec Stratteos.<\/p>\n<h3><strong>D\u00c9VELOPPEMENT DURABLE ET \u00c9CONOMIE D\u2019\u00c9NERGIE :<\/strong><\/h3>\n<p>Ce site internet sur-mesure utilise la solution de gestion de contenu \u00ab\u00a0Stratteos CMS 2.0\u00a0\u00bb d\u00e9velopp\u00e9e par Weblines SAS, qui b\u00e9n\u00e9ficie de technologies limitant les ressources \u00e9nerg\u00e9tiques.<\/p>\n<h4><strong>H\u00c9BERGEUR DU SITE INTERNET<\/strong><\/h4>\n<p>Le site <a href=\"http:\/\/www.teameighteen.fr\">www.teameighteen.fr<\/a>\u00a0est h\u00e9berg\u00e9 par OVH, SAS au capital de 10 059 500 euros, dont le si\u00e8ge social est situ\u00e9 2 Rue Kellermann 59100 Roubaix, 1007.<\/p>\n<h4><strong>COOKIES<\/strong><\/h4>\n<p>Le Site peut collecter automatiquement des informations standards telles que Tous types d\u2019informations personnalis\u00e9es qui permettent au site d\u2019identifier ses visiteurs. Toutes les informations collect\u00e9es indirectement ne seront utilis\u00e9es que pour suivre le volume, le type et la configuration du trafic utilisant ce Site, pour en d\u00e9velopper la conception et l\u2019agencement et \u00e0 d\u2019autres fins administratives et de planification et plus g\u00e9n\u00e9ralement pour am\u00e9liorer le service que nous vous offrons. Vous avez la possibilit\u00e9 de visiter le Site en d\u00e9sactivant cette option dans les param\u00e8tres de votre navigateur.<\/p>\n<h4><strong>RESPECT DE LA PROPRI\u00c9T\u00c9 INTELLECTUELLE<\/strong><\/h4>\n<p>Toutes les marques, photographies, textes, commentaires, illustrations, images anim\u00e9es ou non, s\u00e9quences vid\u00e9o, sons, ainsi que toutes les applications informatiques qui pourraient \u00eatre utilis\u00e9es pour faire fonctionner le Site et plus g\u00e9n\u00e9ralement tous les \u00e9l\u00e9ments reproduits ou utilis\u00e9s sur le Site sont prot\u00e9g\u00e9s par les lois en vigueur au titre de la propri\u00e9t\u00e9 intellectuelle.<\/p>\n<p>Ils sont la propri\u00e9t\u00e9 pleine et enti\u00e8re de l\u2019Editeur ou de ses partenaires, sauf mentions particuli\u00e8res. Toute reproduction, repr\u00e9sentation, utilisation ou adaptation, sous quelque forme que ce soit, de tout ou partie de ces \u00e9l\u00e9ments, y compris les applications informatiques, sans l\u2019accord pr\u00e9alable et \u00e9crit de l\u2019Editeur, sont strictement interdites. Le fait pour l\u2019Editeur de ne pas engager de proc\u00e9dure d\u00e8s la prise de connaissance de ces utilisations non autoris\u00e9es ne vaut pas acceptation desdites utilisations et renonciation aux poursuites.<\/p>\n<p>Seule l\u2019utilisation pour un usage priv\u00e9 dans un cercle de famille est autoris\u00e9e et toute autre utilisation est constitutive de contrefa\u00e7on et\/ou d\u2019atteinte aux droits voisins, sanctionn\u00e9es par Code de la propri\u00e9t\u00e9 intellectuelle.<\/p>\n<p>La reprise de tout ou partie de ce contenu n\u00e9cessite l\u2019autorisation pr\u00e9alable de l\u2019Editeur ou du titulaire des droits sur ce contenu.<\/p>\n<h4><strong>LIENS HYPERTEXTES<\/strong><\/h4>\n<p>Le Site peut contenir des liens hypertexte donnant acc\u00e8s \u00e0 d\u2019autres sites web \u00e9dit\u00e9s et g\u00e9r\u00e9s par des tiers et non par l\u2019Editeur. L\u2019Editeur ne pourra \u00eatre tenu responsable directement ou indirectement dans le cas o\u00f9 lesdits sites tiers ne respecteraient pas les dispositions l\u00e9gales.<br \/>\nLa cr\u00e9ation de liens hypertexte vers le Site ne peut \u00eatre faite qu\u2019avec l\u2019autorisation \u00e9crite et pr\u00e9alable de l\u2019Editeur.<\/p>\n","protected":false},"excerpt":{"rendered":"<p>\u00c9DITION DU SITE INTERNET Le site www.teameighteen.fr ci-apr\u00e8s \u00ab le Site \u00bb \u00e9dit\u00e9 par la soci\u00e9t\u00e9 TEAM18 , immatricul\u00e9e sous le siren 842978728. R\u00c9DACTION DU SITE INTERNET Directeur de la publication : Monsieur Romain De Sousa Nom du responsable de la r\u00e9daction du Site : Monsieur Romain De Sousa INFOG\u00c9RANCE \/ H\u00c9BERGEMENT DU SITE INTERNET\u00a0: [&hellip;]<\/p>\n","protected":false},"author":1,"featured_media":0,"parent":0,"menu_order":0,"comment_status":"closed","ping_status":"closed","template":"","meta":{"inline_featured_image":false,"footnotes":""},"class_list":["post-28","page","type-page","status-publish","hentry"],"yoast_head":"<!-- This site is optimized with the Yoast SEO plugin v20.1 - https:\/\/yoast.com\/wordpress\/plugins\/seo\/ -->\n<title>Mentions l\u00e9gales - Team 18<\/title>\n<meta name=\"robots\" content=\"index, follow, max-snippet:-1, max-image-preview:large, max-video-preview:-1\" \/>\n<link rel=\"canonical\" href=\"https:\/\/team18.fr\/ro\/mentions-legales\/\" \/>\n<meta property=\"og:locale\" content=\"en_US\" \/>\n<meta property=\"og:type\" content=\"article\" \/>\n<meta property=\"og:title\" content=\"Mentions l\u00e9gales - Team 18\" \/>\n<meta property=\"og:description\" content=\"\u00c9DITION DU SITE INTERNET Le site www.teameighteen.fr ci-apr\u00e8s \u00ab le Site \u00bb \u00e9dit\u00e9 par la soci\u00e9t\u00e9 TEAM18 , immatricul\u00e9e sous le siren 842978728. R\u00c9DACTION DU SITE INTERNET Directeur de la publication : Monsieur Romain De Sousa Nom du responsable de la r\u00e9daction du Site : Monsieur Romain De Sousa INFOG\u00c9RANCE \/ H\u00c9BERGEMENT DU SITE INTERNET\u00a0: [&hellip;]\" \/>\n<meta property=\"og:url\" content=\"https:\/\/team18.fr\/ro\/mentions-legales\/\" \/>\n<meta property=\"og:site_name\" content=\"Team 18\" \/>\n<meta property=\"article:modified_time\" content=\"2022-08-29T09:07:18+00:00\" \/>\n<meta name=\"twitter:card\" content=\"summary_large_image\" \/>\n<meta name=\"twitter:label1\" content=\"Est. reading time\" \/>\n\t<meta name=\"twitter:data1\" content=\"3 minutes\" \/>\n<script type=\"application\/ld+json\" class=\"yoast-schema-graph\">{\"@context\":\"https:\/\/schema.org\",\"@graph\":[{\"@type\":\"WebPage\",\"@id\":\"https:\/\/team18.fr\/ro\/mentions-legales\/\",\"url\":\"https:\/\/team18.fr\/ro\/mentions-legales\/\",\"name\":\"Mentions l\u00e9gales - Team 18\",\"isPartOf\":{\"@id\":\"https:\/\/team18.fr\/ro\/#website\"},\"datePublished\":\"2022-05-31T06:55:42+00:00\",\"dateModified\":\"2022-08-29T09:07:18+00:00\",\"inLanguage\":\"en-US\",\"potentialAction\":[{\"@type\":\"ReadAction\",\"target\":[\"https:\/\/team18.fr\/ro\/mentions-legales\/\"]}]},{\"@type\":\"WebSite\",\"@id\":\"https:\/\/team18.fr\/ro\/#website\",\"url\":\"https:\/\/team18.fr\/ro\/\",\"name\":\"Team 18\",\"description\":\"\",\"potentialAction\":[{\"@type\":\"SearchAction\",\"target\":{\"@type\":\"EntryPoint\",\"urlTemplate\":\"https:\/\/team18.fr\/ro\/?s={search_term_string}\"},\"query-input\":\"required name=search_term_string\"}],\"inLanguage\":\"en-US\"}]}<\/script>\n<!-- \/ Yoast SEO plugin. -->","yoast_head_json":{"title":"Mentions l\u00e9gales - Team 18","robots":{"index":"index","follow":"follow","max-snippet":"max-snippet:-1","max-image-preview":"max-image-preview:large","max-video-preview":"max-video-preview:-1"},"canonical":"https:\/\/team18.fr\/ro\/mentions-legales\/","og_locale":"en_US","og_type":"article","og_title":"Mentions l\u00e9gales - Team 18","og_description":"\u00c9DITION DU SITE INTERNET Le site www.teameighteen.fr ci-apr\u00e8s \u00ab le Site \u00bb \u00e9dit\u00e9 par la soci\u00e9t\u00e9 TEAM18 , immatricul\u00e9e sous le siren 842978728. R\u00c9DACTION DU SITE INTERNET Directeur de la publication : Monsieur Romain De Sousa Nom du responsable de la r\u00e9daction du Site : Monsieur Romain De Sousa INFOG\u00c9RANCE \/ H\u00c9BERGEMENT DU SITE INTERNET\u00a0: [&hellip;]","og_url":"https:\/\/team18.fr\/ro\/mentions-legales\/","og_site_name":"Team 18","article_modified_time":"2022-08-29T09:07:18+00:00","twitter_card":"summary_large_image","twitter_misc":{"Est. reading time":"3 minutes"},"schema":{"@context":"https:\/\/schema.org","@graph":[{"@type":"WebPage","@id":"https:\/\/team18.fr\/ro\/mentions-legales\/","url":"https:\/\/team18.fr\/ro\/mentions-legales\/","name":"Mentions l\u00e9gales - Team 18","isPartOf":{"@id":"https:\/\/team18.fr\/ro\/#website"},"datePublished":"2022-05-31T06:55:42+00:00","dateModified":"2022-08-29T09:07:18+00:00","inLanguage":"en-US","potentialAction":[{"@type":"ReadAction","target":["https:\/\/team18.fr\/ro\/mentions-legales\/"]}]},{"@type":"WebSite","@id":"https:\/\/team18.fr\/ro\/#website","url":"https:\/\/team18.fr\/ro\/","name":"Team 18","description":"","potentialAction":[{"@type":"SearchAction","target":{"@type":"EntryPoint","urlTemplate":"https:\/\/team18.fr\/ro\/?s={search_term_string}"},"query-input":"required name=search_term_string"}],"inLanguage":"en-US"}]}},"_links":{"self":[{"href":"https:\/\/team18.fr\/ro\/wp-json\/wp\/v2\/pages\/28","targetHints":{"allow":["GET"]}}],"collection":[{"href":"https:\/\/team18.fr\/ro\/wp-json\/wp\/v2\/pages"}],"about":[{"href":"https:\/\/team18.fr\/ro\/wp-json\/wp\/v2\/types\/page"}],"author":[{"embeddable":true,"href":"https:\/\/team18.fr\/ro\/wp-json\/wp\/v2\/users\/1"}],"replies":[{"embeddable":true,"href":"https:\/\/team18.fr\/ro\/wp-json\/wp\/v2\/comments?post=28"}],"version-history":[{"count":5,"href":"https:\/\/team18.fr\/ro\/wp-json\/wp\/v2\/pages\/28\/revisions"}],"predecessor-version":[{"id":270,"href":"https:\/\/team18.fr\/ro\/wp-json\/wp\/v2\/pages\/28\/revisions\/270"}],"wp:attachment":[{"href":"https:\/\/team18.fr\/ro\/wp-json\/wp\/v2\/media?parent=28"}],"curies":[{"name":"wp","href":"https:\/\/api.w.org\/{rel}","templated":true}]}}