{"id":8,"date":"2022-05-30T11:55:36","date_gmt":"2022-05-30T11:55:36","guid":{"rendered":"https:\/\/team18.fr\/ro\/?page_id=8"},"modified":"2022-09-02T09:38:07","modified_gmt":"2022-09-02T09:38:07","slug":"accueil","status":"publish","type":"page","link":"https:\/\/team18.fr\/ro\/","title":{"rendered":"Bine ati venit"},"content":{"rendered":"","protected":false},"excerpt":{"rendered":"","protected":false},"author":1,"featured_media":0,"parent":0,"menu_order":0,"comment_status":"closed","ping_status":"closed","template":"page-accuiel.php","meta":{"inline_featured_image":false,"footnotes":""},"class_list":["post-8","page","type-page","status-publish","hentry"],"yoast_head":"<!-- This site is optimized with the Yoast SEO plugin v20.1 - https:\/\/yoast.com\/wordpress\/plugins\/seo\/ -->\n<title>Bine ati venit - Team 18<\/title>\n<meta name=\"description\" content=\"Accueil - Team 18 est une entreprise sp\u00e9cialis\u00e9e en \u00e9lectricit\u00e9 fond\u00e9e en 2018 en \u00cele-de-France. Nous intervenons sur toute la France.\" \/>\n<meta name=\"robots\" content=\"index, follow, max-snippet:-1, max-image-preview:large, max-video-preview:-1\" \/>\n<link rel=\"canonical\" href=\"https:\/\/team18.fr\/ro\/\" \/>\n<meta property=\"og:locale\" content=\"en_US\" \/>\n<meta property=\"og:type\" content=\"article\" \/>\n<meta property=\"og:title\" content=\"Bine ati venit - Team 18\" \/>\n<meta property=\"og:description\" content=\"Accueil - Team 18 est une entreprise sp\u00e9cialis\u00e9e en \u00e9lectricit\u00e9 fond\u00e9e en 2018 en \u00cele-de-France. Nous intervenons sur toute la France.\" \/>\n<meta property=\"og:url\" content=\"https:\/\/team18.fr\/ro\/\" \/>\n<meta property=\"og:site_name\" content=\"Team 18\" \/>\n<meta property=\"article:modified_time\" content=\"2022-09-02T09:38:07+00:00\" \/>\n<meta name=\"twitter:card\" content=\"summary_large_image\" \/>\n<script type=\"application\/ld+json\" class=\"yoast-schema-graph\">{\"@context\":\"https:\/\/schema.org\",\"@graph\":[{\"@type\":\"WebPage\",\"@id\":\"https:\/\/team18.fr\/ro\/\",\"url\":\"https:\/\/team18.fr\/ro\/\",\"name\":\"Bine ati venit - Team 18\",\"isPartOf\":{\"@id\":\"https:\/\/team18.fr\/ro\/#website\"},\"datePublished\":\"2022-05-30T11:55:36+00:00\",\"dateModified\":\"2022-09-02T09:38:07+00:00\",\"description\":\"Accueil - Team 18 est une entreprise sp\u00e9cialis\u00e9e en \u00e9lectricit\u00e9 fond\u00e9e en 2018 en \u00cele-de-France. Nous intervenons sur toute la France.\",\"inLanguage\":\"en-US\",\"potentialAction\":[{\"@type\":\"ReadAction\",\"target\":[\"https:\/\/team18.fr\/ro\/\"]}]},{\"@type\":\"WebSite\",\"@id\":\"https:\/\/team18.fr\/ro\/#website\",\"url\":\"https:\/\/team18.fr\/ro\/\",\"name\":\"Team 18\",\"description\":\"\",\"potentialAction\":[{\"@type\":\"SearchAction\",\"target\":{\"@type\":\"EntryPoint\",\"urlTemplate\":\"https:\/\/team18.fr\/ro\/?s={search_term_string}\"},\"query-input\":\"required name=search_term_string\"}],\"inLanguage\":\"en-US\"}]}<\/script>\n<!-- \/ Yoast SEO plugin. -->","yoast_head_json":{"title":"Bine ati venit - Team 18","description":"Accueil - Team 18 est une entreprise sp\u00e9cialis\u00e9e en \u00e9lectricit\u00e9 fond\u00e9e en 2018 en \u00cele-de-France. Nous intervenons sur toute la France.","robots":{"index":"index","follow":"follow","max-snippet":"max-snippet:-1","max-image-preview":"max-image-preview:large","max-video-preview":"max-video-preview:-1"},"canonical":"https:\/\/team18.fr\/ro\/","og_locale":"en_US","og_type":"article","og_title":"Bine ati venit - Team 18","og_description":"Accueil - Team 18 est une entreprise sp\u00e9cialis\u00e9e en \u00e9lectricit\u00e9 fond\u00e9e en 2018 en \u00cele-de-France. Nous intervenons sur toute la France.","og_url":"https:\/\/team18.fr\/ro\/","og_site_name":"Team 18","article_modified_time":"2022-09-02T09:38:07+00:00","twitter_card":"summary_large_image","schema":{"@context":"https:\/\/schema.org","@graph":[{"@type":"WebPage","@id":"https:\/\/team18.fr\/ro\/","url":"https:\/\/team18.fr\/ro\/","name":"Bine ati venit - Team 18","isPartOf":{"@id":"https:\/\/team18.fr\/ro\/#website"},"datePublished":"2022-05-30T11:55:36+00:00","dateModified":"2022-09-02T09:38:07+00:00","description":"Accueil - Team 18 est une entreprise sp\u00e9cialis\u00e9e en \u00e9lectricit\u00e9 fond\u00e9e en 2018 en \u00cele-de-France. Nous intervenons sur toute la France.","inLanguage":"en-US","potentialAction":[{"@type":"ReadAction","target":["https:\/\/team18.fr\/ro\/"]}]},{"@type":"WebSite","@id":"https:\/\/team18.fr\/ro\/#website","url":"https:\/\/team18.fr\/ro\/","name":"Team 18","description":"","potentialAction":[{"@type":"SearchAction","target":{"@type":"EntryPoint","urlTemplate":"https:\/\/team18.fr\/ro\/?s={search_term_string}"},"query-input":"required name=search_term_string"}],"inLanguage":"en-US"}]}},"_links":{"self":[{"href":"https:\/\/team18.fr\/ro\/wp-json\/wp\/v2\/pages\/8","targetHints":{"allow":["GET"]}}],"collection":[{"href":"https:\/\/team18.fr\/ro\/wp-json\/wp\/v2\/pages"}],"about":[{"href":"https:\/\/team18.fr\/ro\/wp-json\/wp\/v2\/types\/page"}],"author":[{"embeddable":true,"href":"https:\/\/team18.fr\/ro\/wp-json\/wp\/v2\/users\/1"}],"replies":[{"embeddable":true,"href":"https:\/\/team18.fr\/ro\/wp-json\/wp\/v2\/comments?post=8"}],"version-history":[{"count":3,"href":"https:\/\/team18.fr\/ro\/wp-json\/wp\/v2\/pages\/8\/revisions"}],"predecessor-version":[{"id":283,"href":"https:\/\/team18.fr\/ro\/wp-json\/wp\/v2\/pages\/8\/revisions\/283"}],"wp:attachment":[{"href":"https:\/\/team18.fr\/ro\/wp-json\/wp\/v2\/media?parent=8"}],"curies":[{"name":"wp","href":"https:\/\/api.w.org\/{rel}","templated":true}]}}